{"id":590,"date":"2023-12-21T13:46:35","date_gmt":"2023-12-21T13:46:35","guid":{"rendered":"https:\/\/yeni.orsasyapi.com\/?page_id=590"},"modified":"2024-02-08T18:39:30","modified_gmt":"2024-02-08T18:39:30","slug":"hakkimizda","status":"publish","type":"page","link":"https:\/\/www.orsasyapi.com\/en\/hakkimizda\/","title":{"rendered":"About Us"},"content":{"rendered":"<div data-elementor-type=\"wp-page\" data-elementor-id=\"590\" class=\"elementor elementor-590\" data-elementor-post-type=\"page\">\n\t\t\t\t\t\t\t<div class=\"elementor-element elementor-element-29bc93f e-con-full e-flex e-con e-parent\" data-id=\"29bc93f\" data-element_type=\"container\" data-settings=\"{&quot;background_background&quot;:&quot;classic&quot;,&quot;content_width&quot;:&quot;full&quot;}\" data-core-v316-plus=\"true\">\n\t\t<div class=\"elementor-element elementor-element-93b680c e-con-full e-flex e-con e-child\" data-id=\"93b680c\" data-element_type=\"container\" data-settings=\"{&quot;content_width&quot;:&quot;full&quot;}\">\n\t\t\t\t<div class=\"elementor-element elementor-element-cd3df0e elementor-invisible elementor-widget elementor-widget-heading\" data-id=\"cd3df0e\" data-element_type=\"widget\" data-settings=\"{&quot;_animation&quot;:&quot;fadeIn&quot;}\" data-widget_type=\"heading.default\">\n\t\t\t\t<div class=\"elementor-widget-container\">\n\t\t\t<style>\/*! elementor - v3.18.0 - 08-12-2023 *\/\n.elementor-heading-title{padding:0;margin:0;line-height:1}.elementor-widget-heading .elementor-heading-title[class*=elementor-size-]>a{color:inherit;font-size:inherit;line-height:inherit}.elementor-widget-heading .elementor-heading-title.elementor-size-small{font-size:15px}.elementor-widget-heading .elementor-heading-title.elementor-size-medium{font-size:19px}.elementor-widget-heading .elementor-heading-title.elementor-size-large{font-size:29px}.elementor-widget-heading .elementor-heading-title.elementor-size-xl{font-size:39px}.elementor-widget-heading .elementor-heading-title.elementor-size-xxl{font-size:59px}<\/style><h4 class=\"elementor-heading-title elementor-size-default\">About Us<\/h4>\t\t<\/div>\n\t\t\t\t<\/div>\n\t\t\t\t<div class=\"elementor-element elementor-element-b235d7d elementor-widget elementor-widget-text-editor\" data-id=\"b235d7d\" data-element_type=\"widget\" data-widget_type=\"text-editor.default\">\n\t\t\t\t<div class=\"elementor-widget-container\">\n\t\t\t<style>\/*! elementor - v3.18.0 - 08-12-2023 *\/\n.elementor-widget-text-editor.elementor-drop-cap-view-stacked .elementor-drop-cap{background-color:#69727d;color:#fff}.elementor-widget-text-editor.elementor-drop-cap-view-framed .elementor-drop-cap{color:#69727d;border:3px solid;background-color:transparent}.elementor-widget-text-editor:not(.elementor-drop-cap-view-default) .elementor-drop-cap{margin-top:8px}.elementor-widget-text-editor:not(.elementor-drop-cap-view-default) .elementor-drop-cap-letter{width:1em;height:1em}.elementor-widget-text-editor .elementor-drop-cap{float:left;text-align:center;line-height:1;font-size:50px}.elementor-widget-text-editor .elementor-drop-cap-letter{display:inline-block}<\/style>\t\t\t\t<p>Although the construction industry seems to be mainly related to buildings, it is primarily based on people. Since people will exist within the conditions of environment in which they live, the most important task of the construction industry should be the creation of quality, efficient, aesthetic and durable structures.<\/p><p>Orsa\u015f Yap\u0131 was established in 2004 with the aim of operating in the fields of project, engineering, contracting and consultancy services in superstructure construction works. It has created a strong reference list by successfully delivering nearly 70 projects it has undertaken since its establishment, in terms of quality, speed, economy and therefore customer satisfaction.<\/p><p>Orsa\u015f's main areas of activity are, in particular, high-rise industrial facility constructions with heavy flooring loads, as well as factories, warehouses, logistics facilities, business centers, hotels, mosque projects, residences and villas, and school and dormitory constructions.<\/p><p>With its experienced technical staff, powerful equipment pool and knowledge, Orsa\u015f Yap\u0131 continues to progress with the aim and awareness of being among the reliable companies of Turkey in terms of quality, efficiency, sustainability, occupational health and safety. Carrying the experience it gained with this awareness into the future, Orsa\u015f continues on its way with confident steps with the principle of \"quality and trust in construction\".<\/p>\t\t\t\t\t\t<\/div>\n\t\t\t\t<\/div>\n\t\t\t\t<\/div>\n\t\t\t\t<\/div>\n\t\t\t\t\t\t\t<\/div>","protected":false},"excerpt":{"rendered":"<p>Hakk\u0131m\u0131zda \u0130n\u015faat ve ekseninde bulunanlar yap\u0131lanma ile ilgili olmas\u0131na kar\u015f\u0131n temelde insan\u0131 esas al\u0131n\u0131r. \u0130nsan, i\u00e7inde ya\u015fad\u0131\u011f\u0131 \u00e7evre ve yasam ko\u015fullar\u0131 b\u00fct\u00fcn\u00fcnde var olaca\u011f\u0131 i\u00e7in in\u015faat<span class=\"excerpt-hellip\"> [\u2026]<\/span><\/p>","protected":false},"author":1,"featured_media":0,"parent":0,"menu_order":0,"comment_status":"closed","ping_status":"closed","template":"","meta":{"footnotes":""},"class_list":["post-590","page","type-page","status-publish","hentry"],"acf":[],"_links":{"self":[{"href":"https:\/\/www.orsasyapi.com\/en\/wp-json\/wp\/v2\/pages\/590","targetHints":{"allow":["GET"]}}],"collection":[{"href":"https:\/\/www.orsasyapi.com\/en\/wp-json\/wp\/v2\/pages"}],"about":[{"href":"https:\/\/www.orsasyapi.com\/en\/wp-json\/wp\/v2\/types\/page"}],"author":[{"embeddable":true,"href":"https:\/\/www.orsasyapi.com\/en\/wp-json\/wp\/v2\/users\/1"}],"replies":[{"embeddable":true,"href":"https:\/\/www.orsasyapi.com\/en\/wp-json\/wp\/v2\/comments?post=590"}],"version-history":[{"count":79,"href":"https:\/\/www.orsasyapi.com\/en\/wp-json\/wp\/v2\/pages\/590\/revisions"}],"predecessor-version":[{"id":2687,"href":"https:\/\/www.orsasyapi.com\/en\/wp-json\/wp\/v2\/pages\/590\/revisions\/2687"}],"wp:attachment":[{"href":"https:\/\/www.orsasyapi.com\/en\/wp-json\/wp\/v2\/media?parent=590"}],"curies":[{"name":"wp","href":"https:\/\/api.w.org\/{rel}","templated":true}]}}