{"id":590,"date":"2023-12-21T13:46:35","date_gmt":"2023-12-21T13:46:35","guid":{"rendered":"https:\/\/yeni.orsasyapi.com\/?page_id=590"},"modified":"2024-02-08T18:39:30","modified_gmt":"2024-02-08T18:39:30","slug":"hakkimizda","status":"publish","type":"page","link":"https:\/\/www.orsasyapi.com\/ar\/hakkimizda\/","title":{"rendered":"\u0645\u0639\u0644\u0648\u0645\u0627\u062a \u0639\u0646\u0627"},"content":{"rendered":"<div data-elementor-type=\"wp-page\" data-elementor-id=\"590\" class=\"elementor elementor-590\" data-elementor-post-type=\"page\">\n\t\t\t\t\t\t\t<div class=\"elementor-element elementor-element-29bc93f e-con-full e-flex e-con e-parent\" data-id=\"29bc93f\" data-element_type=\"container\" data-settings=\"{&quot;background_background&quot;:&quot;classic&quot;,&quot;content_width&quot;:&quot;full&quot;}\" data-core-v316-plus=\"true\">\n\t\t<div class=\"elementor-element elementor-element-93b680c e-con-full e-flex e-con e-child\" data-id=\"93b680c\" data-element_type=\"container\" data-settings=\"{&quot;content_width&quot;:&quot;full&quot;}\">\n\t\t\t\t<div class=\"elementor-element elementor-element-cd3df0e elementor-invisible elementor-widget elementor-widget-heading\" data-id=\"cd3df0e\" data-element_type=\"widget\" data-settings=\"{&quot;_animation&quot;:&quot;fadeIn&quot;}\" data-widget_type=\"heading.default\">\n\t\t\t\t<div class=\"elementor-widget-container\">\n\t\t\t<style>\/*! elementor - v3.18.0 - 08-12-2023 *\/\n.elementor-heading-title{padding:0;margin:0;line-height:1}.elementor-widget-heading .elementor-heading-title[class*=elementor-size-]>a{color:inherit;font-size:inherit;line-height:inherit}.elementor-widget-heading .elementor-heading-title.elementor-size-small{font-size:15px}.elementor-widget-heading .elementor-heading-title.elementor-size-medium{font-size:19px}.elementor-widget-heading .elementor-heading-title.elementor-size-large{font-size:29px}.elementor-widget-heading .elementor-heading-title.elementor-size-xl{font-size:39px}.elementor-widget-heading .elementor-heading-title.elementor-size-xxl{font-size:59px}<\/style><h4 class=\"elementor-heading-title elementor-size-default\">\u0645\u0639\u0644\u0648\u0645\u0627\u062a \u0639\u0646\u0627<\/h4>\t\t<\/div>\n\t\t\t\t<\/div>\n\t\t\t\t<div class=\"elementor-element elementor-element-b235d7d elementor-widget elementor-widget-text-editor\" data-id=\"b235d7d\" data-element_type=\"widget\" data-widget_type=\"text-editor.default\">\n\t\t\t\t<div class=\"elementor-widget-container\">\n\t\t\t<style>\/*! elementor - v3.18.0 - 08-12-2023 *\/\n.elementor-widget-text-editor.elementor-drop-cap-view-stacked .elementor-drop-cap{background-color:#69727d;color:#fff}.elementor-widget-text-editor.elementor-drop-cap-view-framed .elementor-drop-cap{color:#69727d;border:3px solid;background-color:transparent}.elementor-widget-text-editor:not(.elementor-drop-cap-view-default) .elementor-drop-cap{margin-top:8px}.elementor-widget-text-editor:not(.elementor-drop-cap-view-default) .elementor-drop-cap-letter{width:1em;height:1em}.elementor-widget-text-editor .elementor-drop-cap{float:left;text-align:center;line-height:1;font-size:50px}.elementor-widget-text-editor .elementor-drop-cap-letter{display:inline-block}<\/style>\t\t\t\t<p>\u0631\u063a\u0645 \u0623\u0646 \u0627\u0644\u0625\u0646\u0634\u0627\u0621 \u0648\u0645\u0627 \u064a\u062a\u0645\u062d\u0648\u0631 \u062d\u0648\u0644\u0647 \u064a\u0631\u062a\u0628\u0637\u0627\u0646 \u0628\u0627\u0644\u0647\u064a\u0643\u0644\u0629\u060c \u0625\u0644\u0627 \u0623\u0646\u0647\u0645\u0627 \u064a\u0639\u062a\u0645\u062f\u0627\u0646 \u0639\u0644\u0649 \u0627\u0644\u0625\u0646\u0633\u0627\u0646 \u0641\u064a \u0627\u0644\u0645\u0642\u0627\u0645 \u0627\u0644\u0623\u0648\u0644. \u0648\u0628\u0645\u0627 \u0623\u0646 \u0627\u0644\u0625\u0646\u0633\u0627\u0646 \u0647\u0648 \u0645\u0646 \u0633\u064a\u0639\u064a\u0634 \u062f\u0627\u062e\u0644\u0647 \u0648\u0633\u064a\u062a\u0648\u0627\u062c\u062f \u0636\u0645\u0646 \u0627\u0644\u0645\u0643\u0627\u0646 \u0648\u0641\u064a \u0638\u0631\u0648\u0641\u0647 \u0627\u0644\u062d\u064a\u0627\u062a\u064a\u0629\u060c \u0641\u0625\u0646 \u0627\u0644\u0645\u0647\u0645\u0629 \u0627\u0644\u0623\u0647\u0645 \u0641\u064a \u0642\u0637\u0627\u0639 \u0627\u0644\u0625\u0646\u0634\u0627\u0621\u0627\u062a \u0648\u0627\u0644\u062a\u0634\u064a\u064a\u062f \u0647\u064a \u0625\u0646\u0634\u0627\u0621 \u0647\u064a\u0627\u0643\u0644 \u0648\u0645\u0628\u0627\u0646\u064a \u0639\u0627\u0644\u064a\u0629 \u0627\u0644\u062c\u0648\u062f\u0629 \u0648\u0641\u0639\u0627\u0644\u0629 \u0648\u0645\u062a\u064a\u0646\u0629 \u0648\u062c\u0645\u064a\u0644\u0629.<\/p><p>\u062a\u0623\u0633\u0633\u062a \u0634\u0631\u0643\u0629 \u0623\u0648\u0631\u0633\u0627\u0634 \u0644\u0644\u0628\u0646\u0627\u0621 \u0639\u0627\u0645 2004 \u0628\u0647\u062f\u0641 \u0627\u0627\u0644\u0639\u0645\u0644 \u0641\u064a \u0645\u0634\u0627\u0631\u064a\u0639 \u0625\u0646\u0634\u0627\u0621\u0627\u062a \u0627\u0644\u0628\u0646\u064a\u0629 \u0627\u0644\u0641\u0648\u0642\u064a\u0629 \u0648\u0641\u064a \u0645\u062c\u0627\u0644\u0627\u062a \u0627\u0644\u062e\u062f\u0645\u0627\u062a \u0627\u0644\u0647\u0646\u062f\u0633\u064a\u0629 \u0648\u0627\u0644\u0645\u0642\u0627\u0648\u0644\u0627\u062a \u0648\u0627\u0644\u0627\u0633\u062a\u0634\u0627\u0631\u0627\u062a. \u0644\u0642\u062f \u0623\u0646\u0634\u0623\u062a \u0627\u0644\u0634\u0631\u0643\u0629 \u0642\u0627\u0626\u0645\u0629 \u0642\u0648\u064a\u0629 \u0645\u0646 \u0627\u0644\u0645\u0631\u0627\u062c\u0639 \u0628\u0646\u062c\u0627\u062d\u0647\u0627 \u0641\u064a \u062a\u0633\u0644\u064a\u0645 \u0645\u0627 \u064a\u0632\u064a\u062f \u0639\u0646 70 \u0645\u0634\u0631\u0648\u0639 \u062a\u0639\u0647\u062f\u062a \u0628\u062a\u0646\u0641\u064a\u0630\u0647 \u0645\u0646\u0630 \u062a\u0627\u0631\u064a\u062e \u062a\u0623\u0633\u064a\u0633\u0647\u0627 \u062d\u062a\u0649 \u064a\u0648\u0645\u0646\u0627 \u0647\u0630\u0627\u060c \u0645\u0646 \u062d\u064a\u062b \u0627\u0644\u062c\u0648\u062f\u0629 \u0648\u0627\u0644\u0633\u0631\u0639\u0629 \u0641\u064a \u0627\u0644\u0625\u0646\u0634\u0627\u0621 \u0648\u0627\u0644\u0627\u0642\u062a\u0635\u0627\u062f\u060c \u0648\u0628\u0627\u0644\u062a\u0627\u0644\u064a \u062a\u062d\u0642\u064a\u0642 \u0631\u0636\u0627 \u0627\u0644\u0639\u0645\u0644\u0627\u0621.<\/p><p>\u0645\u062c\u0627\u0644\u0627\u062a \u0627\u0644\u0646\u0634\u0627\u0637 \u0627\u0644\u0631\u0626\u064a\u0633\u064a\u0629 \u0644\u0634\u0631\u0643\u0629 \u0623\u0648\u0631\u0633\u0627\u0634 \u062a\u0643\u0645\u0646 \u0641\u064a \u0628\u0646\u0627\u0621 \u0627\u0644\u0645\u0646\u0634\u0622\u062a \u0627\u0644\u0635\u0646\u0627\u0639\u064a\u0629 \u0630\u0627\u062a \u0627\u0644\u0623\u062d\u0645\u0627\u0644 \u0627\u0644\u0637\u0627\u0628\u0642\u064a\u0629 \u0627\u0644\u0639\u0627\u0644\u064a\u0629\u060c \u0648\u062e\u0627\u0635\u0629 \u0627\u0644\u0645\u0635\u0627\u0646\u0639\u060c \u0648\u0627\u0644\u0645\u0633\u062a\u0648\u062f\u0639\u0627\u062a\u060c \u0648\u0627\u0644\u0645\u0631\u0627\u0641\u0642 \u0627\u0644\u0644\u0648\u062c\u0633\u062a\u064a\u0629\u060c \u0648\u0645\u0631\u0627\u0643\u0632 \u0627\u0644\u0623\u0639\u0645\u0627\u0644\u060c \u0648\u0627\u0644\u0641\u0646\u0627\u062f\u0642\u060c \u0648\u0627\u0644\u062c\u0648\u0627\u0645\u0639\u060c \u0648\u0627\u0644\u0634\u0642\u0642 \u0627\u0644\u0633\u0643\u0646\u064a\u0629 \u0648\u0627\u0644\u0641\u0644\u0644 \u0648\u0627\u0644\u0645\u062f\u0627\u0631\u0633 \u0648\u0627\u0644\u0645\u0647\u0627\u062c\u0639.<\/p><p>\u0628\u0641\u0636\u0644 \u0643\u0627\u062f\u0631\u0647\u0627 \u0627\u0644\u0641\u0646\u064a \u0645\u0646 \u0627\u0644\u0645\u0648\u0638\u0641\u064a\u0646 \u0623\u0635\u062d\u0627\u0628 \u0627\u0644\u062e\u0628\u0631\u0629 \u0648\u0645\u0627 \u062a\u0645\u062a\u0644\u0643\u0647 \u0645\u0646 \u0622\u0644\u064a\u0627\u062a \u0648\u062a\u0631\u0627\u0643\u0645 \u0627\u0644\u0645\u0639\u0627\u0631\u0641\u060c \u062a\u0648\u0627\u0635\u0644 \u0623\u0648\u0631\u0633\u0627\u0634 \u0644\u0644\u0628\u0646\u0627\u0621 \u0639\u0645\u0644\u0647\u0627 \u0628\u0647\u062f\u0641 \u0648\u0648\u0639\u064a \u0643\u0648\u0646\u0647\u0627 \u0645\u0646 \u0628\u064a\u0646 \u0627\u0644\u0634\u0631\u0643\u0627\u062a \u0627\u0644\u0645\u0648\u062b\u0648\u0642\u0629 \u0641\u064a \u062a\u0631\u0643\u064a\u0627 \u0645\u0646 \u062d\u064a\u062b \u0627\u0644\u062c\u0648\u062f\u0629 \u0648\u0627\u0644\u0643\u0641\u0627\u0621\u0629 \u0648\u0627\u0644\u0627\u0633\u062a\u062f\u0627\u0645\u0629 \u0648\u0627\u0644\u0639\u0645\u0644 \u0648\u0633\u0644\u0627\u0645\u0629 \u0627\u0644\u0645\u0648\u0638\u0641\u064a\u0646.\n\u0648\u0645\u0646 \u062e\u0644\u0627\u0644 \u0646\u0642\u0644\u0647\u0627 \u0644\u0644\u062e\u0628\u0631\u0627\u062a \u0627\u0644\u062a\u064a \u0627\u0643\u062a\u0633\u0628\u062a\u0647\u0627 \u0628\u0647\u0630\u0627 \u0627\u0644\u0648\u0639\u064a \u0625\u0644\u0649 \u0627\u0644\u0645\u0633\u062a\u0642\u0628\u0644\u060c \u062a\u0633\u062a\u0645\u0631 \u0623\u0648\u0631\u0633\u0627\u0634 \u0641\u064a \u0637\u0631\u064a\u0642\u0647\u0627 \u0628\u062e\u0637\u0648\u0627\u062a \u0648\u0627\u062b\u0642\u0629 \u0645\u062a\u0628\u0646\u064a\u0629 \u0645\u0628\u062f\u0623 \"\u0627\u0644\u062c\u0648\u062f\u0629 \u0648\u0627\u0644\u062b\u0642\u0629 \u0641\u064a \u0627\u0644\u0628\u0646\u0627\u0621\".<\/p>\t\t\t\t\t\t<\/div>\n\t\t\t\t<\/div>\n\t\t\t\t<\/div>\n\t\t\t\t<\/div>\n\t\t\t\t\t\t\t<\/div>","protected":false},"excerpt":{"rendered":"<p>Hakk\u0131m\u0131zda \u0130n\u015faat ve ekseninde bulunanlar yap\u0131lanma ile ilgili olmas\u0131na kar\u015f\u0131n temelde insan\u0131 esas al\u0131n\u0131r. \u0130nsan, i\u00e7inde ya\u015fad\u0131\u011f\u0131 \u00e7evre ve yasam ko\u015fullar\u0131 b\u00fct\u00fcn\u00fcnde var olaca\u011f\u0131 i\u00e7in in\u015faat<span class=\"excerpt-hellip\"> [\u2026]<\/span><\/p>","protected":false},"author":1,"featured_media":0,"parent":0,"menu_order":0,"comment_status":"closed","ping_status":"closed","template":"","meta":{"footnotes":""},"class_list":["post-590","page","type-page","status-publish","hentry"],"acf":[],"_links":{"self":[{"href":"https:\/\/www.orsasyapi.com\/ar\/wp-json\/wp\/v2\/pages\/590","targetHints":{"allow":["GET"]}}],"collection":[{"href":"https:\/\/www.orsasyapi.com\/ar\/wp-json\/wp\/v2\/pages"}],"about":[{"href":"https:\/\/www.orsasyapi.com\/ar\/wp-json\/wp\/v2\/types\/page"}],"author":[{"embeddable":true,"href":"https:\/\/www.orsasyapi.com\/ar\/wp-json\/wp\/v2\/users\/1"}],"replies":[{"embeddable":true,"href":"https:\/\/www.orsasyapi.com\/ar\/wp-json\/wp\/v2\/comments?post=590"}],"version-history":[{"count":79,"href":"https:\/\/www.orsasyapi.com\/ar\/wp-json\/wp\/v2\/pages\/590\/revisions"}],"predecessor-version":[{"id":2687,"href":"https:\/\/www.orsasyapi.com\/ar\/wp-json\/wp\/v2\/pages\/590\/revisions\/2687"}],"wp:attachment":[{"href":"https:\/\/www.orsasyapi.com\/ar\/wp-json\/wp\/v2\/media?parent=590"}],"curies":[{"name":"wp","href":"https:\/\/api.w.org\/{rel}","templated":true}]}}