{"id":1309,"date":"2024-01-22T07:27:03","date_gmt":"2024-01-22T07:27:03","guid":{"rendered":"https:\/\/yeni.orsasyapi.com\/?page_id=1309"},"modified":"2024-01-30T14:29:56","modified_gmt":"2024-01-30T14:29:56","slug":"cerez-politikasi","status":"publish","type":"page","link":"https:\/\/www.orsasyapi.com\/ar\/cerez-politikasi\/","title":{"rendered":"\u00c7erez Politikas\u0131"},"content":{"rendered":"<div data-elementor-type=\"wp-page\" data-elementor-id=\"1309\" class=\"elementor elementor-1309\" data-elementor-post-type=\"page\">\n\t\t\t\t\t\t\t<div class=\"elementor-element elementor-element-7d91c470 e-con-full e-flex e-con e-parent\" data-id=\"7d91c470\" data-element_type=\"container\" data-settings=\"{&quot;background_background&quot;:&quot;gradient&quot;,&quot;content_width&quot;:&quot;full&quot;}\" data-core-v316-plus=\"true\">\n\t\t\t\t<div class=\"elementor-element elementor-element-444b9f24 elementor-widget elementor-widget-theme-post-title elementor-page-title elementor-widget-heading\" data-id=\"444b9f24\" data-element_type=\"widget\" data-widget_type=\"theme-post-title.default\">\n\t\t\t\t<div class=\"elementor-widget-container\">\n\t\t\t<style>\/*! elementor - v3.18.0 - 08-12-2023 *\/\n.elementor-heading-title{padding:0;margin:0;line-height:1}.elementor-widget-heading .elementor-heading-title[class*=elementor-size-]>a{color:inherit;font-size:inherit;line-height:inherit}.elementor-widget-heading .elementor-heading-title.elementor-size-small{font-size:15px}.elementor-widget-heading .elementor-heading-title.elementor-size-medium{font-size:19px}.elementor-widget-heading .elementor-heading-title.elementor-size-large{font-size:29px}.elementor-widget-heading .elementor-heading-title.elementor-size-xl{font-size:39px}.elementor-widget-heading .elementor-heading-title.elementor-size-xxl{font-size:59px}<\/style><h1 class=\"elementor-heading-title elementor-size-default\">\u00c7erez Politikas\u0131<\/h1>\t\t<\/div>\n\t\t\t\t<\/div>\n\t\t\t\t<\/div>\n\t\t<div class=\"elementor-element elementor-element-d2f9935 e-con-full e-flex e-con e-parent\" data-id=\"d2f9935\" data-element_type=\"container\" data-settings=\"{&quot;content_width&quot;:&quot;full&quot;}\" data-core-v316-plus=\"true\">\n\t\t\t\t<div class=\"elementor-element elementor-element-d8d76b2 elementor-widget elementor-widget-text-editor\" data-id=\"d8d76b2\" data-element_type=\"widget\" data-widget_type=\"text-editor.default\">\n\t\t\t\t<div class=\"elementor-widget-container\">\n\t\t\t<style>\/*! elementor - v3.18.0 - 08-12-2023 *\/\n.elementor-widget-text-editor.elementor-drop-cap-view-stacked .elementor-drop-cap{background-color:#69727d;color:#fff}.elementor-widget-text-editor.elementor-drop-cap-view-framed .elementor-drop-cap{color:#69727d;border:3px solid;background-color:transparent}.elementor-widget-text-editor:not(.elementor-drop-cap-view-default) .elementor-drop-cap{margin-top:8px}.elementor-widget-text-editor:not(.elementor-drop-cap-view-default) .elementor-drop-cap-letter{width:1em;height:1em}.elementor-widget-text-editor .elementor-drop-cap{float:left;text-align:center;line-height:1;font-size:50px}.elementor-widget-text-editor .elementor-drop-cap-letter{display:inline-block}<\/style>\t\t\t\t<p>Ki\u015fisel verilerinizin i\u015flenmesi ilgili olarak 6698 say\u0131l\u0131 Ki\u015fisel Verilerin Korunmas\u0131 Kanunu (\u201cKanun\u201d) uyar\u0131nca \u201cVeri Sorumlusu\u201d s\u0131fat\u0131 ile \u201c <b>ORSA\u015e YAPI\u00a0TAHH\u00dcT \u0130N\u015eAAT TUR\u0130ZM NAK. SAN. T\u0130C. LTD. \u015eT\u0130.<\/b> ( K\u0131saca \u201cORSA\u015e YAPI\u201d ya da \u201c\u015eirket\u201d olarak an\u0131lacakt\u0131r.) olarak web sitesi \u00e7erezleri vas\u0131tas\u0131 ile i\u015fledi\u011fimiz ki\u015fisel verilerinize dair taraf\u0131n\u0131z\u0131 bilgilendirmek isteriz. Bir\u00e7ok web sitesi gibi, \u201cwww.orsasyapi.com\u201dda (a\u015fa\u011f\u0131da k\u0131saca \u201c Site\u201d olarak an\u0131lacakt\u0131r.) web sitemizi ziyaretleriniz s\u0131ras\u0131nda deneyiminizi geli\u015ftirmek i\u00e7in \u201c\u00c7erezler\u201d kullan\u0131lmaktad\u0131r. <br \/><br \/>Veri Sorumlusu, bu \u00c7erez Politikas\u0131n\u0131 Site\u2019 de hangi \u00c7erezlerin kullan\u0131ld\u0131\u011f\u0131n\u0131 ve ziyaret\u00e7ilerin bu konudaki tercihlerini nas\u0131l y\u00f6netebilece\u011fini a\u00e7\u0131klamak amac\u0131yla haz\u0131rlam\u0131\u015ft\u0131r.\u00a0<span style=\"font-family: Roboto, sans-serif; font-size: 18px; font-style: normal; font-variant-ligatures: normal; font-variant-caps: normal; font-weight: 400;\">ORSA\u015e YAPI<\/span>\u00a0olarak, Sitemizde kulland\u0131\u011f\u0131m\u0131z \u00e7erezleri kullanmaktan vazge\u00e7ebilir, bunlar\u0131n t\u00fcrlerini veya fonksiyonlar\u0131n\u0131 de\u011fi\u015ftirebilir veya Sitemize yeni \u00e7erezler ekleyebiliriz. Dolay\u0131s\u0131yla i\u015fbu \u00c7erez Politikas\u0131 h\u00fck\u00fcmlerini diledi\u011fimiz zaman de\u011fi\u015ftirme hakk\u0131n\u0131 sakl\u0131 tutar\u0131z. G\u00fcncel \u00c7erez Politikas\u0131 \u00fczerinde ger\u00e7ekle\u015ftirilmi\u015f olan her t\u00fcrl\u00fc de\u011fi\u015fiklik Site\u2019 de yay\u0131nlanmakla birlikte y\u00fcr\u00fcrl\u00fck kazanacakt\u0131r.\u00a0<\/p><p><b>\u00c7EREZ (\u201cCOOKIE\u201d) NED\u0130R?\u00a0<\/b><\/p><p>\u00c7erezler, web sitelerini ziyaret etti\u011finizde bu web sitelerinin taray\u0131c\u0131n\u0131zda saklad\u0131klar\u0131 k\u00fc\u00e7\u00fck veri par\u00e7alar\u0131d\u0131r. Kullan\u0131m \u00f6mr\u00fcne g\u00f6re, oturum \u00e7erezleri ve kal\u0131c\u0131 \u00e7erezler kullan\u0131lmaktad\u0131r. Oturum \u00e7erezleri ziyaret\u00e7inin web sitesini terk etmesiyle birlikte silinirken, kal\u0131c\u0131 \u00e7erezler de\u011fi\u015fen s\u00fcrelerle ziyaret\u00e7ilerin cihazlar\u0131nda kalmaktad\u0131r. A\u015fa\u011f\u0131da bahsedilen \u00e7erez a\u00e7\u0131klamalar\u0131nda belirli bir s\u00fcre belirtilmemi\u015fse web sitemiz arac\u0131l\u0131\u011f\u0131yla ayarlanan \u00e7erezler genellikle sitemize yapt\u0131\u011f\u0131n\u0131z en son ziyaretinizden itibaren 24 aya kadar saklanacakt\u0131r. Bu siteyi ziyaret etti\u011finizde \u00e7erezleri kullanmak i\u00e7in \u00f6nceden izninizi almaktay\u0131z. \u00d6nceden ayarlanm\u0131\u015f \u00e7erezleri diledi\u011finiz zaman silmek i\u00e7in taray\u0131c\u0131 ayarlar\u0131n\u0131z\u0131 kullanabilirsiniz. Taray\u0131c\u0131 ayarlar\u0131n\u0131z\u0131, \u00e7erezleri y\u00f6netmek (\u00f6rne\u011fin bir \u00e7erezi tamamen kapatmak) i\u00e7in de kullanabilirsiniz. Bunu yapman\u0131z, zorunlu \u00e7erezleri d\u00fczg\u00fcn bir \u015fekilde kullanamayaca\u011f\u0131m\u0131z anlam\u0131na gelebilir ve bu nedenle web sitemizin baz\u0131 b\u00f6l\u00fcmleri olmas\u0131 gerekti\u011fi gibi \u00e7al\u0131\u015fmayabilir.<\/p><p><b>KULLANDI\u011eIMIZ \u00c7EREZLER <\/b><\/p><p>Kulland\u0131\u011f\u0131m\u0131z \u00e7erezler zorunlu ve opsiyonel olmak \u00fczere iki gruba ayr\u0131lmaktad\u0131r. Zorunlu \u00e7erezler Zorunlu \u00e7erezler, internet sitemizin d\u00fczg\u00fcn \u00e7al\u0131\u015fabilmesini ve oturum a\u00e7man\u0131z\u0131 sa\u011flayan ve temel hizmet ve \u00f6zellikleri sunan \u00e7erezleri kapsar. Bu zorunlu \u00e7erezler i\u00e7in sizden onay\u0131n\u0131z\u0131 talep etmemize gerek bulunmamaktad\u0131r. Opsiyonel \u00e7erezler Web sitemizi geli\u015ftirmek amac\u0131yla, bu \u00e7erezleri ziyaret\u00e7ilerin web sitemizi nas\u0131l kulland\u0131klar\u0131n\u0131 anlamam\u0131za yard\u0131mc\u0131 olmalar\u0131 i\u00e7in kullan\u0131yoruz. Daha sonra bu verileri, web sitemizin \u00e7al\u0131\u015fma \u015feklini iyile\u015ftirmek i\u00e7in kullanabiliriz. \u00d6rne\u011fin, web sitemize yap\u0131lan ziyaretleri tespit edip bunlar\u0131 saymak ve ziyaret\u00e7ilerin hangi sayfalar\u0131 g\u00f6r\u00fcnt\u00fcledi\u011fini ve bu sayfalarda hangi aksiyonlar\u0131 ald\u0131klar\u0131n\u0131 g\u00f6rmek i\u00e7in analitik sa\u011flay\u0131c\u0131lar\u0131 kullanabiliriz. Opsiyonel \u00e7erezler i\u00e7in web sitemizi ilk ziyaret etti\u011finizde sizden tercihlerinizi belirlemenizi isteyece\u011fiz.\u00a0<\/p><p>\u00a0<\/p><p><b>\u00c7EREZ TERC\u0130HLER\u0130 NASIL Y\u00d6NET\u0130L\u0130R?\u00a0<\/b><\/p><p><span style=\"color: var( --e-global-color-text ); text-align: var(--text-align); letter-spacing: 0px;\">Ziyaret\u00e7ilerin kendilerine ait hangi ki\u015fisel verilerin toplanabildi\u011fi konusunda tercihlerini serbest\u00e7e kullanabilmesi Veri Sorumlusu i\u00e7in son derece \u00f6nemlidir. Bununla birlikte, Site\u2019nin \u00e7al\u0131\u015fmas\u0131 i\u00e7in zorunlu olan \u00c7erezler konusunda tercih y\u00f6netimi m\u00fcmk\u00fcn olamamaktad\u0131r. Ayr\u0131ca, baz\u0131 \u00c7erezlerin kapat\u0131lmas\u0131 halinde Site\u2019nin \u00e7e\u015fitli fonksiyonlar\u0131n\u0131n \u00e7al\u0131\u015fmayabilece\u011fini hat\u0131rlat\u0131r\u0131z. Bu siteyi ziyaret etti\u011finizde \u00e7erezleri kullanmak i\u00e7in \u00f6nceden izninizi almaktay\u0131z. Ancak, Ziyaret\u00e7ilerin \u00f6nceden ayarlanm\u0131\u015f \u00c7erez tercihlerini de\u011fi\u015ftirme imk\u00e2n\u0131 her zaman sakl\u0131d\u0131r. A\u015fa\u011f\u0131daki y\u00f6ntemleri kullanarak \u00e7erezlere izin verme ve reddetme imkan\u0131n\u0131 kullanabilirsiniz:\u00a0<\/span><\/p><p><span style=\"color: var( --e-global-color-text ); text-align: var(--text-align); letter-spacing: 0px;\"><strong>Google Chrome:<\/strong> Taray\u0131c\u0131n\u0131z\u0131n adres b\u00f6l\u00fcm\u00fcnde yer alan, &#8220;kilit i\u015fareti&#8221;ni t\u0131klayarak, &#8220;\u00c7erezler&#8221; sekmesinden \u00e7erezlere izin verebilir veya engelleyebilirsiniz. <br \/><a href=\"http:\/\/www.google.com\/support\/chrome\/bin\/answer.py?hl=en&amp;answer=95647\">http:\/\/www.google.com\/support\/chrome\/bin\/answer.py?hl=en&amp;answer=95647 <\/a><\/span><\/p><p><strong>Internet Explorer:<\/strong> Taray\u0131c\u0131n\u0131z\u0131n sa\u011f \u00fcst b\u00f6l\u00fcm\u00fcnde yer alan \u201cAra\u00e7lar\u201d b\u00f6l\u00fcm\u00fcnden g\u00fcvenlik sekmesini t\u0131klayarak \u201cizin ver\u201d veya \u201cizin verme\u201d \u015feklinde \u00e7erezleri y\u00f6netebilirsiniz. <br \/><a href=\"https:\/\/support.microsoft.com\/en-us\/help\/17442\/windows-internetexplorer-delete-managecookies\">https:\/\/support.microsoft.com\/en-us\/help\/17442\/windows-internetexplorer-delete-managecookies<\/a>\u00a0<\/p><p><strong>Mozilla Firefox:<\/strong> Taray\u0131c\u0131n\u0131z\u0131n sa\u011f \u00fcst k\u00f6\u015fesinde yer alan \u201cmen\u00fcy\u00fc a\u00e7\u201d sekmesini t\u0131klay\u0131n\u0131z. \u201cSe\u00e7enekler\u201d g\u00f6rselini t\u0131klayarak \u201cGizlilik ve G\u00fcvenlik\u201d butonunu kullanarak \u00e7erezleri y\u00f6netebilirsiniz. <br \/><a href=\"http:\/\/support.mozilla.com\/en-US\/kb\/Cookies\">http:\/\/support.mozilla.com\/en-US\/kb\/Cookies<\/a><\/p><p><strong>Opera:<\/strong> Taray\u0131c\u0131n\u0131z\u0131n \u201cTercihler\u201d b\u00f6l\u00fcm\u00fcnde \u201cGeli\u015fmi\u015f\u201di se\u00e7erek \u201c\u00c7erezler\u201d b\u00f6l\u00fcm\u00fcnden \u00e7erez y\u00f6netimini yapabilirsiniz.<br \/><a href=\"http:\/\/www.opera.com\/browser\/tutorials\/security\/privacy\/\">\u00a0http:\/\/www.opera.com\/browser\/tutorials\/security\/privacy\/<\/a><\/p><p><strong>Safari:<\/strong> Telefonunuzun \u201cAyarlar\u201d b\u00f6l\u00fcm\u00fcnden \u201csafari\u201d sekmesini se\u00e7ip, \u201cGizlilik ve G\u00fcvenlik\u201d B\u00f6l\u00fcm\u00fcnden t\u00fcm \u00e7erez y\u00f6netiminizi yapabilirsiniz.<br \/>\u00a0<a href=\"https:\/\/support.apple.com\/kb\/ph19214?locale=tr_TR\">https:\/\/support.apple.com\/kb\/ph19214?locale=tr_TR<\/a><\/p><p><strong>\u00c7EREZLER ARACILI\u011eIYLA VER\u0130LER\u0130N\u0130Z\u0130N \u0130\u015eLENMES\u0130NE \u0130L\u0130\u015eK\u0130N HAKLARINIZ NELERD\u0130R?<\/strong><\/p><p>\u00a06698 say\u0131l\u0131 Ki\u015fisel Verilerin Korunmas\u0131 Kanunu uyar\u0131nca a\u015fa\u011f\u0131da yer alan haklara sahip oldu\u011funuzu belirtmek isteriz.\u00a0<\/p><p>\u2022 Ki\u015fisel veri i\u015flenip i\u015flenmedi\u011fini \u00f6\u011frenme,\u00a0<\/p><p>\u2022 Ki\u015fisel verileri i\u015flenmi\u015fse buna ili\u015fkin bilgi talep etme,\u00a0<\/p><p>\u2022 Ki\u015fisel verilerin i\u015flenme amac\u0131n\u0131 ve bunlar\u0131n amac\u0131na uygun kullan\u0131l\u0131p kullan\u0131lmad\u0131\u011f\u0131n\u0131 \u00f6\u011frenme,\u00a0<\/p><p>\u2022 Yurt i\u00e7inde veya yurt d\u0131\u015f\u0131nda ki\u015fisel verilerin aktar\u0131ld\u0131\u011f\u0131 \u00fc\u00e7\u00fcnc\u00fc ki\u015fileri bilme,<\/p><p>\u2022 Ki\u015fisel verilerin eksik veya yanl\u0131\u015f i\u015flenmi\u015f olmas\u0131 h\u00e2linde bunlar\u0131n d\u00fczeltilmesini isteme ve bu kapsamda yap\u0131lan i\u015flemin ki\u015fisel verilerin aktar\u0131ld\u0131\u011f\u0131 \u00fc\u00e7\u00fcnc\u00fc ki\u015filere bildirilmesini isteme,\u00a0<\/p><p>\u2022 Hukuka uygun olarak i\u015flenmi\u015f olmas\u0131na ra\u011fmen, i\u015flenmesini gerektiren sebeplerin ortadan kalkmas\u0131 h\u00e2linde ki\u015fisel verilerin silinmesini veya yok edilmesini isteme ve bu kapsamda yap\u0131lan i\u015flemin ki\u015fisel verilerin aktar\u0131ld\u0131\u011f\u0131 \u00fc\u00e7\u00fcnc\u00fc ki\u015filere bildirilmesini isteme,\u00a0<\/p><p>\u2022 \u0130\u015flenen verilerin m\u00fcnhas\u0131ran otomatik sistemler vas\u0131tas\u0131yla analiz edilmesi suretiyle ki\u015finin kendisi aleyhine bir sonucun ortaya \u00e7\u0131kmas\u0131na itiraz etme,\u00a0<\/p><p>\u2022 Ki\u015fisel verilerin kanuna ayk\u0131r\u0131 olarak i\u015flenmesi sebebiyle zarara u\u011framas\u0131 h\u00e2linde zarar\u0131n giderilmesini talep etme. Ki\u015fisel verileriniz korunmas\u0131 hakk\u0131nda ve haklar\u0131n\u0131z\u0131n kullan\u0131m\u0131 hakk\u0131nda daha detayl\u0131 bilgi almak i\u00e7in t\u0131klay\u0131n\u0131z.<\/p>\t\t\t\t\t\t<\/div>\n\t\t\t\t<\/div>\n\t\t\t\t<\/div>\n\t\t\t\t\t\t\t<\/div>","protected":false},"excerpt":{"rendered":"<p>Ki\u015fisel verilerinizin i\u015flenmesi ilgili olarak 6698 say\u0131l\u0131 Ki\u015fisel Verilerin Korunmas\u0131 Kanunu (\u201cKanun\u201d) uyar\u0131nca \u201cVeri Sorumlusu\u201d s\u0131fat\u0131 ile \u201c ORSA\u015e YAPI\u00a0TAHH\u00dcT \u0130N\u015eAAT TUR\u0130ZM NAK. SAN. T\u0130C. LTD.<span class=\"excerpt-hellip\"> [\u2026]<\/span><\/p>","protected":false},"author":1,"featured_media":0,"parent":0,"menu_order":0,"comment_status":"closed","ping_status":"closed","template":"","meta":{"footnotes":""},"class_list":["post-1309","page","type-page","status-publish","hentry"],"acf":[],"_links":{"self":[{"href":"https:\/\/www.orsasyapi.com\/ar\/wp-json\/wp\/v2\/pages\/1309","targetHints":{"allow":["GET"]}}],"collection":[{"href":"https:\/\/www.orsasyapi.com\/ar\/wp-json\/wp\/v2\/pages"}],"about":[{"href":"https:\/\/www.orsasyapi.com\/ar\/wp-json\/wp\/v2\/types\/page"}],"author":[{"embeddable":true,"href":"https:\/\/www.orsasyapi.com\/ar\/wp-json\/wp\/v2\/users\/1"}],"replies":[{"embeddable":true,"href":"https:\/\/www.orsasyapi.com\/ar\/wp-json\/wp\/v2\/comments?post=1309"}],"version-history":[{"count":14,"href":"https:\/\/www.orsasyapi.com\/ar\/wp-json\/wp\/v2\/pages\/1309\/revisions"}],"predecessor-version":[{"id":2258,"href":"https:\/\/www.orsasyapi.com\/ar\/wp-json\/wp\/v2\/pages\/1309\/revisions\/2258"}],"wp:attachment":[{"href":"https:\/\/www.orsasyapi.com\/ar\/wp-json\/wp\/v2\/media?parent=1309"}],"curies":[{"name":"wp","href":"https:\/\/api.w.org\/{rel}","templated":true}]}}